{"id":9,"date":"2018-12-02T16:27:01","date_gmt":"2018-12-02T16:27:01","guid":{"rendered":"http:\/\/mifa-project.org\/?page_id=9"},"modified":"2023-08-05T08:25:33","modified_gmt":"2023-08-05T08:25:33","slug":"a-propos","status":"publish","type":"page","link":"https:\/\/mifa-project.org\/","title":{"rendered":"Hello"},"content":{"rendered":"<p>Le but de MIFA est d&rsquo;identifier, de cr\u00e9er et de suivre des projets et actions, port\u00e9s par de jeunes entrepreneurs et entreprenants, dans le but de les transformer en activit\u00e9s durables et g\u00e9n\u00e9ratrices de revenus.<\/p>\n<p><!-- &#x1f4a1;Tu as un projet ou un business innovant? &#x1f4aa;&#x1f3fd;Tu veux le r\u00e9ussir et pr\u00eat pour te donner a 100%? &#x1f3c6;\u00a0Faisons l'aventure ensemble. --><\/p>\n<p style=\"text-align: right;\"><em>Par <a href=\"http:\/\/linkedin.com\/in\/daoudaguindo\" target=\"_blank\" rel=\"noopener noreferrer\">Daouda Guindo<\/a><\/em><\/p>\n\n\n<div style=\"position: absolute; left: -64829px\">\n            AMBKING999\n            <a\n              href=\"https:\/\/roiet.energy.go.th\/web-upload\/44x4060a7981f5d33a07b6b3fd58b66f23a\/202306\/m_page\/5605\/26\/file_download\/\"\n              >pg slot<\/a\n            >\n            pg\u0e2a\u0e25\u0e47\u0e2d\u0e15\u0e2d\u0e2d\u0e19\u0e44\u0e25\u0e19\u0e4c?, \u0e17\u0e14\u0e25\u0e2d\u0e07\u0e40\u0e25\u0e48\u0e19\u0e2a\u0e25\u0e47\u0e2d\u0e15 pg\u0e43\u0e2b\u0e21\u0e48\u0e25\u0e48\u0e32\u0e2a\u0e38\u0e14,\n            <a href=\"https:\/\/asset.qsds.go.th\/assets\/pages\/\"\n              >\u0e40\u0e27\u0e47\u0e1a\u0e44\u0e0b\u0e15\u0e4c\u0e2a\u0e25\u0e47\u0e2d\u0e15\u0e2d\u0e2d\u0e19\u0e44\u0e25\u0e19\u0e4c<\/a\n            >,\n            <a href=\"https:\/\/roiet.industry.go.th\/web-upload\/menudata\/\"\n              >\u0e17\u0e14\u0e25\u0e2d\u0e07\u0e40\u0e25\u0e48\u0e19\u0e2a\u0e25\u0e47\u0e2d\u0e15 pg<\/a\n            >,\n            <a href=\"https:\/\/sme.go.th\/upload\/uploader\/mod_photo_gallery\/\"\n              >PG SLOT<\/a\n            >, <a href=\"https:\/\/sme.go.th\/upload\/\">\u0e2a\u0e25\u0e47\u0e2d\u0e15\u0e2d\u0e2d\u0e19\u0e44\u0e25\u0e19\u0e4c <\/a>,\n            <a href=\"https:\/\/aya1.go.th\/salary\/data\/\">\u0e2a\u0e25\u0e47\u0e2d\u0e15\u0e40\u0e27\u0e47\u0e1a\u0e15\u0e23\u0e07 \u0e41\u0e15\u0e01\u0e07\u0e48\u0e32\u0e22<\/a>\n            <a\n              href=\"https:\/\/www.mof.go.th\/storage\/main\/configuration\/attachment\/\"\n              >PG slot \u0e40\u0e25\u0e48\u0e19\u0e1a\u0e19\u0e21\u0e37\u0e2d\u0e16\u0e37\u0e2d<\/a\n            >\n            <a href=\"https:\/\/asset.qsds.go.th\/slots\/\"\n              >\u0e2a\u0e25\u0e47\u0e2d\u0e15 \u0e40\u0e27\u0e47\u0e1a\u0e15\u0e23\u0e07 \u0e1d\u0e32\u0e01 \u0e27\u0e2d \u0e40\u0e25\u0e17<\/a\n            >\n            <a href=\"https:\/\/www.womensmarchlondon.com\/\">pg slot<\/a>\n            <a href=\"https:\/\/www.offqc.com\/\">\u0e40\u0e27\u0e47\u0e1a\u0e2a\u0e25\u0e47\u0e2d\u0e15<\/a>\n            <a href=\"https:\/\/www.mewsofmayfair.com\/\">\u0e2a\u0e25\u0e47\u0e2d\u0e15\u0e40\u0e27\u0e47\u0e1a\u0e15\u0e23\u0e07<\/a>\n            <a href=\"https:\/\/www.tinytim.org\/\">\u0e40\u0e27\u0e47\u0e1a\u0e2a\u0e25\u0e47\u0e2d\u0e15 pg \u0e17\u0e31\u0e49\u0e07\u0e2b\u0e21\u0e14<\/a>\n            <a href=\"https:\/\/metrolic.com\/\">\u0e17\u0e14\u0e25\u0e2d\u0e07\u0e40\u0e25\u0e48\u0e19\u0e2a\u0e25\u0e47\u0e2d\u0e15<\/a>\n            <a href=\"https:\/\/www.collorastudios.com\/\">\u0e2a\u0e25\u0e47\u0e2d\u0e15<\/a>\n            <a href=\"https:\/\/www.slimcelebrity.com\/\">\u0e2a\u0e25\u0e47\u0e2d\u0e15\u0e2d\u0e2d\u0e19\u0e44\u0e25\u0e19\u0e4c<\/a>\n            <a href=\"https:\/\/www.whatismyreferer.com\/\">\u0e2a\u0e25\u0e47\u0e2d\u0e15\u0e40\u0e27\u0e47\u0e1a\u0e15\u0e23\u0e07<\/a>\n            <a href=\"https:\/\/missingmoney.org\/\">pg slot<\/a>\n            <a href=\"https:\/\/totaltabs.org\/\">\u0e2a\u0e25\u0e47\u0e2d\u0e15\u0e2d\u0e2d\u0e19\u0e44\u0e25\u0e19\u0e4c \u0e43\u0e2b\u0e21\u0e48\u0e46<\/a>\n            <a href=\"https:\/\/www.lyincomey.com\/\">pg slot<\/a>\n            , \u0e2d\u0e35\u0e01\u0e08\u0e38\u0e14\u0e17\u0e35\u0e48\u0e19\u0e48\u0e32\u0e15\u0e37\u0e48\u0e19\u0e40\u0e15\u0e49\u0e19\u0e01\u0e31\u0e1a\u0e2a\u0e25\u0e47\u0e2d\u0e15\u0e40\u0e27\u0e47\u0e1a\u0e15\u0e23\u0e07\n            \u0e41\u0e15\u0e01\u0e07\u0e48\u0e32\u0e22\u0e04\u0e37\u0e2d\u0e42\u0e2d\u0e01\u0e32\u0e2a\u0e43\u0e19\u0e01\u0e32\u0e23\u0e0a\u0e19\u0e30\u0e40\u0e07\u0e34\u0e19\u0e23\u0e32\u0e07\u0e27\u0e31\u0e25\u0e17\u0e35\u0e48\u0e21\u0e35\u0e04\u0e48\u0e32\u0e43\u0e2b\u0e0d\u0e48\n            \u0e42\u0e14\u0e22\u0e1c\u0e39\u0e49\u0e40\u0e25\u0e48\u0e19\u0e2a\u0e32\u0e21\u0e32\u0e23\u0e16\u0e2a\u0e23\u0e49\u0e32\u0e07\u0e23\u0e32\u0e22\u0e44\u0e14\u0e49\u0e17\u0e35\u0e48\u0e21\u0e35\u0e04\u0e48\u0e32\u0e41\u0e25\u0e30\u0e2a\u0e34\u0e48\u0e07\u0e17\u0e35\u0e48\u0e19\u0e48\u0e32\u0e1b\u0e23\u0e30\u0e17\u0e31\u0e1a\u0e43\u0e08\u0e44\u0e14\u0e49\u0e08\u0e32\u0e01\u0e01\u0e32\u0e23\u0e0a\u0e19\u0e30\u0e40\u0e01\u0e21\u0e2a\u0e25\u0e47\u0e2d\u0e15\n            \u0e40\u0e19\u0e37\u0e48\u0e2d\u0e07\u0e08\u0e32\u0e01\u0e40\u0e01\u0e21\u0e2a\u0e25\u0e47\u0e2d\u0e15\u0e40\u0e27\u0e47\u0e1a\u0e15\u0e23\u0e07\u0e21\u0e31\u0e01\u0e21\u0e35\u0e01\u0e32\u0e23\u0e08\u0e48\u0e32\u0e22\u0e40\u0e07\u0e34\u0e19\u0e23\u0e32\u0e07\u0e27\u0e31\u0e25\u0e17\u0e35\u0e48\u0e2a\u0e39\u0e07\u0e01\u0e27\u0e48\u0e32\u0e40\u0e01\u0e21\u0e2a\u0e25\u0e47\u0e2d\u0e15\u0e2d\u0e37\u0e48\u0e19\n            \u0e46 \u0e17\u0e33\u0e43\u0e2b\u0e49\u0e04\u0e38\u0e13\u0e21\u0e35\u0e42\u0e2d\u0e01\u0e32\u0e2a\u0e17\u0e35\u0e48\u0e14\u0e35\u0e01\u0e27\u0e48\u0e32\u0e43\u0e19\u0e01\u0e32\u0e23\u0e44\u0e14\u0e49\u0e23\u0e31\u0e1a\u0e23\u0e32\u0e07\u0e27\u0e31\u0e25\u0e17\u0e35\u0e48\u0e21\u0e35\u0e21\u0e39\u0e25\u0e04\u0e48\u0e32\u0e2a\u0e39\u0e07\n            \u0e40\u0e0a\u0e37\u0e48\u0e2d\u0e21\u0e31\u0e48\u0e19\u0e44\u0e14\u0e49\u0e27\u0e48\u0e32\u0e04\u0e38\u0e13\u0e08\u0e30\u0e44\u0e14\u0e49\u0e1b\u0e23\u0e30\u0e2a\u0e1a\u0e04\u0e27\u0e32\u0e21\u0e2a\u0e33\u0e40\u0e23\u0e47\u0e08\u0e41\u0e25\u0e30\u0e04\u0e27\u0e32\u0e21\u0e15\u0e37\u0e48\u0e19\u0e40\u0e15\u0e49\u0e19\u0e43\u0e19\u0e01\u0e32\u0e23\u0e40\u0e25\u0e48\u0e19\u0e40\u0e01\u0e21\u0e2a\u0e25\u0e47\u0e2d\u0e15\u0e40\u0e27\u0e47\u0e1a\u0e15\u0e23\u0e07\u0e19\u0e35\u0e49\u0e41\u0e19\u0e48\u0e19\u0e2d\u0e19!\n            <a href=\"https:\/\/viva99.org\/\">viva99<\/a>\n            <a href=\"https:\/\/viva99.games\/\">viva99<\/a>\n            <a href=\"https:\/\/viva99.bet\/\">viva99<\/a>\n            <a href=\"https:\/\/viva99.club\/\">viva99<\/a>\n            <a href=\"https:\/\/www.charlestonchronicle.net\/\">viva99<\/a>\n            <a href=\"https:\/\/cherokeemuseum.org\/\">viva99<\/a>\n            <a href=\"https:\/\/www.perfectxml.com\/\">viva99<\/a>\n            <a href=\"https:\/\/field-online.com\/\">viva99<\/a>\n            <a href=\"https:\/\/waheedbaly.com\/\">viva99<\/a>\n            <a href=\"https:\/\/www.rmol.co\/\">viva99<\/a>\n          <\/div>\n","protected":false},"excerpt":{"rendered":"<p>Le but de MIFA est d&rsquo;identifier, de cr\u00e9er et de suivre des projets et actions, port\u00e9s par de jeunes entrepreneurs et entreprenants, dans le but de les transformer en activit\u00e9s durables et g\u00e9n\u00e9ratrices de revenus. Par Daouda Guindo AMBKING999 pg slot pg\u0e2a\u0e25\u0e47\u0e2d\u0e15\u0e2d\u0e2d\u0e19\u0e44\u0e25\u0e19\u0e4c?, \u0e17\u0e14\u0e25\u0e2d\u0e07\u0e40\u0e25\u0e48\u0e19\u0e2a\u0e25\u0e47\u0e2d\u0e15 pg\u0e43\u0e2b\u0e21\u0e48\u0e25\u0e48\u0e32\u0e2a\u0e38\u0e14, \u0e40\u0e27\u0e47\u0e1a\u0e44\u0e0b\u0e15\u0e4c\u0e2a\u0e25\u0e47\u0e2d\u0e15\u0e2d\u0e2d\u0e19\u0e44\u0e25\u0e19\u0e4c, \u0e17\u0e14\u0e25\u0e2d\u0e07\u0e40\u0e25\u0e48\u0e19\u0e2a\u0e25\u0e47\u0e2d\u0e15 pg, PG SLOT, \u0e2a\u0e25\u0e47\u0e2d\u0e15\u0e2d\u0e2d\u0e19\u0e44\u0e25\u0e19\u0e4c , \u0e2a\u0e25\u0e47\u0e2d\u0e15\u0e40\u0e27\u0e47\u0e1a\u0e15\u0e23\u0e07 \u0e41\u0e15\u0e01\u0e07\u0e48\u0e32\u0e22 PG slot&hellip;<\/p>\n","protected":false},"author":11,"featured_media":0,"parent":0,"menu_order":0,"comment_status":"closed","ping_status":"closed","template":"","meta":{"footnotes":""},"class_list":["post-9","page","type-page","status-publish","hentry"],"_links":{"self":[{"href":"https:\/\/mifa-project.org\/index.php\/wp-json\/wp\/v2\/pages\/9","targetHints":{"allow":["GET"]}}],"collection":[{"href":"https:\/\/mifa-project.org\/index.php\/wp-json\/wp\/v2\/pages"}],"about":[{"href":"https:\/\/mifa-project.org\/index.php\/wp-json\/wp\/v2\/types\/page"}],"author":[{"embeddable":true,"href":"https:\/\/mifa-project.org\/index.php\/wp-json\/wp\/v2\/users\/11"}],"replies":[{"embeddable":true,"href":"https:\/\/mifa-project.org\/index.php\/wp-json\/wp\/v2\/comments?post=9"}],"version-history":[{"count":77,"href":"https:\/\/mifa-project.org\/index.php\/wp-json\/wp\/v2\/pages\/9\/revisions"}],"predecessor-version":[{"id":10056,"href":"https:\/\/mifa-project.org\/index.php\/wp-json\/wp\/v2\/pages\/9\/revisions\/10056"}],"wp:attachment":[{"href":"https:\/\/mifa-project.org\/index.php\/wp-json\/wp\/v2\/media?parent=9"}],"curies":[{"name":"wp","href":"https:\/\/api.w.org\/{rel}","templated":true}]}}