{"id":69,"date":"2018-12-03T09:36:30","date_gmt":"2018-12-03T09:36:30","guid":{"rendered":"http:\/\/mifa-project.org\/?page_id=69"},"modified":"2021-01-09T00:36:34","modified_gmt":"2021-01-09T00:36:34","slug":"rejoins-nous","status":"publish","type":"page","link":"https:\/\/mifa-project.org\/index.php\/rejoins-nous\/","title":{"rendered":"Inscris ton projet"},"content":{"rendered":"<p>Tu as un projet innovant, bien pens\u00e9 a lancer?<br \/>\nTu as d\u00e9marr\u00e9 et veux d\u00e9velopper ton projet?<br \/>\nTu es pr\u00eat a t&rsquo;investir a 100% pour le r\u00e9ussir?<br \/>\n<span style=\"font-size: 12px;\"><b>Merci de remplir ce formulaire pour nous en dire peu plus.*<\/b> (les infos resterons confidentielles)<\/span><\/p>\n<p>\n<div class=\"wpcf7 no-js\" id=\"wpcf7-f139-o1\" lang=\"fr-FR\" dir=\"ltr\" data-wpcf7-id=\"139\">\n<div class=\"screen-reader-response\"><p role=\"status\" aria-live=\"polite\" aria-atomic=\"true\"><\/p> <ul><\/ul><\/div>\n<form action=\"\/index.php\/wp-json\/wp\/v2\/pages\/69#wpcf7-f139-o1\" method=\"post\" class=\"wpcf7-form init\" aria-label=\"Formulaire de contact\" enctype=\"multipart\/form-data\" novalidate=\"novalidate\" data-status=\"init\">\n<fieldset class=\"hidden-fields-container\"><input type=\"hidden\" name=\"_wpcf7\" value=\"139\" \/><input type=\"hidden\" name=\"_wpcf7_version\" value=\"6.1.4\" \/><input type=\"hidden\" name=\"_wpcf7_locale\" value=\"fr_FR\" \/><input type=\"hidden\" name=\"_wpcf7_unit_tag\" value=\"wpcf7-f139-o1\" \/><input type=\"hidden\" name=\"_wpcf7_container_post\" value=\"0\" \/><input type=\"hidden\" name=\"_wpcf7_posted_data_hash\" value=\"\" \/>\n<\/fieldset>\n<h1 style=\"color:#000;\"><img loading=\"lazy\" decoding=\"async\" class=\"alignnone size-full wp-image-119\" src=\"http:\/\/mifa-project.org\/wp-content\/uploads\/2018\/12\/carre_ico_bleu.gif\" alt=\"\" width=\"16\" height=\"16\" \/> Qui es-tu?\n<\/h1>\n<p><label style=\"width:100%;\"> Pr\u00e9nom *<br \/>\n<span class=\"wpcf7-form-control-wrap\" data-name=\"prenom\"><input size=\"40\" maxlength=\"400\" class=\"wpcf7-form-control wpcf7-text wpcf7-validates-as-required\" aria-required=\"true\" aria-invalid=\"false\" value=\"\" type=\"text\" name=\"prenom\" \/><\/span> <\/label>\n<\/p>\n<p><label style=\"width:100%;\"> Nom de famille \/ Family name*<br \/>\n<span class=\"wpcf7-form-control-wrap\" data-name=\"nom\"><input size=\"40\" maxlength=\"400\" class=\"wpcf7-form-control wpcf7-text wpcf7-validates-as-required\" aria-required=\"true\" aria-invalid=\"false\" value=\"\" type=\"text\" name=\"nom\" \/><\/span> <\/label>\n<\/p>\n<p><label style=\"float:left; width:120px;\"> Sexe*<br \/>\n<span class=\"wpcf7-form-control-wrap\" data-name=\"sexe\"><select class=\"wpcf7-form-control wpcf7-select wpcf7-validates-as-required\" aria-required=\"true\" aria-invalid=\"false\" name=\"sexe\"><option value=\"\">&#8212;Veuillez choisir une option&#8212;<\/option><option value=\"masculin\">masculin<\/option><option value=\"f\u00e9minin\">f\u00e9minin<\/option><\/select><\/span> <\/label>\n<\/p>\n<p><label style=\"float:left; width:180px;\"> Age*<br \/>\n<span class=\"wpcf7-form-control-wrap\" data-name=\"age\"><input class=\"wpcf7-form-control wpcf7-number wpcf7-validates-as-required wpcf7-validates-as-number\" min=\"25\" max=\"60\" aria-required=\"true\" aria-invalid=\"false\" value=\"\" type=\"number\" name=\"age\" \/><\/span><\/label>\n<\/p>\n<p><label style=\"float:left; width:100%;\"> T\u00e9l\u00e9phone*<br \/>\n<span class=\"wpcf7-form-control-wrap\" data-name=\"telephone\"><input size=\"40\" maxlength=\"400\" class=\"wpcf7-form-control wpcf7-tel wpcf7-validates-as-required wpcf7-text wpcf7-validates-as-tel\" aria-required=\"true\" aria-invalid=\"false\" value=\"\" type=\"tel\" name=\"telephone\" \/><\/span><\/label>\n<\/p>\n<p><label style=\"float:left; width:100%;\"> Ville, Pays *<br \/>\n<span class=\"wpcf7-form-control-wrap\" data-name=\"ville_pays\"><input size=\"40\" maxlength=\"400\" class=\"wpcf7-form-control wpcf7-text wpcf7-validates-as-required\" aria-required=\"true\" aria-invalid=\"false\" value=\"\" type=\"text\" name=\"ville_pays\" \/><\/span> <\/label>\n<\/p>\n<p><label style=\"float:left; width:100%;\"> Adresse email *<br \/>\n<span class=\"wpcf7-form-control-wrap\" data-name=\"your-email\"><input size=\"40\" maxlength=\"400\" class=\"wpcf7-form-control wpcf7-email wpcf7-text wpcf7-validates-as-email\" aria-invalid=\"false\" value=\"\" type=\"email\" name=\"your-email\" \/><\/span> <\/label>\n<\/p>\n<h1 style=\"color:#000;\"><img loading=\"lazy\" decoding=\"async\" class=\"alignnone size-medium wp-image-121\" src=\"http:\/\/mifa-project.org\/wp-content\/uploads\/2018\/12\/carre_ico_jaune.gif\" alt=\"\" width=\"16\" height=\"16\" \/> Ton projet\n<\/h1>\n<p><label style=\"width:100%;\"> Titre de ton projet *<br \/>\n<span class=\"wpcf7-form-control-wrap\" data-name=\"titreprojet\"><input size=\"40\" maxlength=\"400\" class=\"wpcf7-form-control wpcf7-text wpcf7-validates-as-required\" aria-required=\"true\" aria-invalid=\"false\" value=\"\" type=\"text\" name=\"titreprojet\" \/><\/span> <\/label>\n<\/p>\n<p><label style=\"100%;\"> Secteur du projet \/ Project sector*<br \/>\n<span class=\"wpcf7-form-control-wrap\" data-name=\"Secteur_du_projet\"><select class=\"wpcf7-form-control wpcf7-select wpcf7-validates-as-required\" aria-required=\"true\" aria-invalid=\"false\" name=\"Secteur_du_projet\"><option value=\"\">&#8212;Veuillez choisir une option&#8212;<\/option><option value=\"Sant\u00e9, Bien-\u00eatre, Sport\">Sant\u00e9, Bien-\u00eatre, Sport<\/option><option value=\"Environnement, Social &amp; Cadre de vie\">Environnement, Social &amp; Cadre de vie<\/option><option value=\"Services aux personnes\">Services aux personnes<\/option><option value=\"Services professionnels\">Services professionnels<\/option><option value=\"Web &amp; num\u00e9rique\">Web &amp; num\u00e9rique<\/option><option value=\"Arts &amp; Divertissements\">Arts &amp; Divertissements<\/option><option value=\"Agro-alimentaire, Elevage\">Agro-alimentaire, Elevage<\/option><option value=\"Mode &amp; Styles\">Mode &amp; Styles<\/option><option value=\"Autres\">Autres<\/option><\/select><\/span><br \/>\n<\/label><br \/>\n<label style=\"width:100%;\"> Si autre secteur, pr\u00e9ciser<br \/>\n<span class=\"wpcf7-form-control-wrap\" data-name=\"autre_secteur\"><input size=\"40\" maxlength=\"400\" class=\"wpcf7-form-control wpcf7-text\" aria-invalid=\"false\" value=\"\" type=\"text\" name=\"autre_secteur\" \/><\/span><\/label>\n<\/p>\n<p><label> Parle nous de ton projet<\/label><br \/>\n<span>Pourquoi avoir cr\u00e9\u00e9 ce projet? Quel probl\u00e8me cela va r\u00e9soudre? Quelle solution cela propose? Comment? *<\/span><br \/>\n<span class=\"wpcf7-form-control-wrap\" data-name=\"description_projet\"><textarea cols=\"40\" rows=\"10\" maxlength=\"2000\" class=\"wpcf7-form-control wpcf7-textarea wpcf7-validates-as-required\" aria-required=\"true\" aria-invalid=\"false\" name=\"description_projet\"><\/textarea><\/span>\n<\/p>\n<p><span>Quelle est la valeur ajout\u00e9e de ton projet? Y'a t'il une concurrence existante? L'as-tu identifi\u00e9? Qu'apporte de nouveau ton projet, compar\u00e9 \u00e0 ce qui existe d\u00e9j\u00e0 sur le march\u00e9? *<\/span><br \/>\n<span class=\"wpcf7-form-control-wrap\" data-name=\"valeur_ajoutee_projet\"><textarea cols=\"40\" rows=\"10\" maxlength=\"2000\" class=\"wpcf7-form-control wpcf7-textarea wpcf7-validates-as-required\" aria-required=\"true\" aria-invalid=\"false\" name=\"valeur_ajoutee_projet\"><\/textarea><\/span>\n<\/p>\n<p><span>Quel est le march\u00e9 potentiel que tu cible? Qui sont tes acheteurs ou utilisateurs cibles? * <\/span><br \/>\n<span class=\"wpcf7-form-control-wrap\" data-name=\"marche_cible_projet\"><textarea cols=\"40\" rows=\"10\" maxlength=\"2000\" class=\"wpcf7-form-control wpcf7-textarea wpcf7-validates-as-required\" aria-required=\"true\" aria-invalid=\"false\" name=\"marche_cible_projet\"><\/textarea><\/span>\n<\/p>\n<p><span>Et toi, qu'apporte tu au projet? Comment ton m\u00e9tier, ton savoir-faire ou ton exp\u00e9rience pourra aider \u00e0 la r\u00e9ussite du projet? (Parle nous un peu plus de toi ou de ton \u00e9quipe. Votre apport sur le projet) *<\/span><br \/>\n<span class=\"wpcf7-form-control-wrap\" data-name=\"profil_entrepreneur_projet\"><textarea cols=\"40\" rows=\"10\" maxlength=\"2000\" class=\"wpcf7-form-control wpcf7-textarea wpcf7-validates-as-required\" aria-required=\"true\" aria-invalid=\"false\" name=\"profil_entrepreneur_projet\"><\/textarea><\/span>\n<\/p>\n<p><span>O\u00f9 en es-tu avec ton projet? Quel est l'\u00e9tat d\u2019avancement? *<\/span><br \/>\n<span class=\"wpcf7-form-control-wrap\" data-name=\"etat_avancement_projet\"><textarea cols=\"40\" rows=\"10\" maxlength=\"2000\" class=\"wpcf7-form-control wpcf7-textarea wpcf7-validates-as-required\" aria-required=\"true\" aria-invalid=\"false\" name=\"etat_avancement_projet\"><\/textarea><\/span>\n<\/p>\n<h1 style=\"color:#000;\"><img loading=\"lazy\" decoding=\"async\" class=\"alignnone size-medium wp-image-122\" src=\"http:\/\/mifa-project.org\/wp-content\/uploads\/2018\/12\/carre_ico_vert.gif\" alt=\"\" width=\"16\" height=\"16\" \/> Qu'attend tu de MIFA?\n<\/h1>\n<p><span>Comment a tu connu MIFA? Qu'attend-tu de MIFA? Quels sont tes besoins? (Noter que MIFA n'est pas une structure de financement)<\/span><br \/>\n<span class=\"wpcf7-form-control-wrap\" data-name=\"attentedemifa\"><textarea cols=\"40\" rows=\"10\" maxlength=\"2000\" class=\"wpcf7-form-control wpcf7-textarea\" aria-invalid=\"false\" name=\"attentedemifa\"><\/textarea><\/span>\n<\/p>\n<h1 style=\"color:#000; margin-bottom:15px;\"><img loading=\"lazy\" decoding=\"async\" class=\"alignnone size-medium wp-image-120\" src=\"http:\/\/mifa-project.org\/wp-content\/uploads\/2018\/12\/carre_ico_rouge.gif\" alt=\"\" width=\"16\" height=\"16\" \/> Documents\n<\/h1>\n<p><span>Tu as document sur ton projet ou ton business (pr\u00e9sentation, business plan, plan d'action, etc.)? Veux-tu le partager avec nous? Merci de le t\u00e9l\u00e9charger ici.<\/span>\n<\/p>\n<p><span style=\"padding:10px; border:1px dotted red; margin-bottom:15px;\"\n<span class=\"wpcf7-form-control-wrap\" data-name=\"file-529\"><input size=\"40\" class=\"wpcf7-form-control wpcf7-file\" accept=\".pdf,.doc,.docx,.ppt,.pptx\" aria-invalid=\"false\" type=\"file\" name=\"file-529\" \/><\/span><\/span>\n<\/p>\n<p><input class=\"wpcf7-form-control wpcf7-submit has-spinner\" type=\"submit\" value=\"Envoyer \u00e0 MIFA\" \/>\n<\/p><div class=\"wpcf7-response-output\" aria-hidden=\"true\"><\/div>\n<\/form>\n<\/div>\n<br \/>\n<span style=\"color: red; font-size: 9px;\"><em>* Le choix et la s\u00e9lection d&rsquo;un projet se font suite a une \u00e9tude et diff\u00e9rents \u00e9changes\u00a0avec le porteur sur diff\u00e9rents\u00a0points.\u00a0<\/em><\/span><\/p>\n","protected":false},"excerpt":{"rendered":"<p>Tu as un projet innovant, bien pens\u00e9 a lancer? Tu as d\u00e9marr\u00e9 et veux d\u00e9velopper ton projet? Tu es pr\u00eat a t&rsquo;investir a 100% pour le r\u00e9ussir? Merci de remplir ce formulaire pour nous en dire peu plus.* (les infos resterons confidentielles) * Le choix et la s\u00e9lection d&rsquo;un projet se font suite a une&hellip;<\/p>\n","protected":false},"author":11,"featured_media":0,"parent":0,"menu_order":0,"comment_status":"closed","ping_status":"closed","template":"","meta":{"footnotes":""},"class_list":["post-69","page","type-page","status-publish","hentry"],"_links":{"self":[{"href":"https:\/\/mifa-project.org\/index.php\/wp-json\/wp\/v2\/pages\/69","targetHints":{"allow":["GET"]}}],"collection":[{"href":"https:\/\/mifa-project.org\/index.php\/wp-json\/wp\/v2\/pages"}],"about":[{"href":"https:\/\/mifa-project.org\/index.php\/wp-json\/wp\/v2\/types\/page"}],"author":[{"embeddable":true,"href":"https:\/\/mifa-project.org\/index.php\/wp-json\/wp\/v2\/users\/11"}],"replies":[{"embeddable":true,"href":"https:\/\/mifa-project.org\/index.php\/wp-json\/wp\/v2\/comments?post=69"}],"version-history":[{"count":28,"href":"https:\/\/mifa-project.org\/index.php\/wp-json\/wp\/v2\/pages\/69\/revisions"}],"predecessor-version":[{"id":678,"href":"https:\/\/mifa-project.org\/index.php\/wp-json\/wp\/v2\/pages\/69\/revisions\/678"}],"wp:attachment":[{"href":"https:\/\/mifa-project.org\/index.php\/wp-json\/wp\/v2\/media?parent=69"}],"curies":[{"name":"wp","href":"https:\/\/api.w.org\/{rel}","templated":true}]}}