{"id":633,"date":"2021-01-06T17:57:12","date_gmt":"2021-01-06T17:57:12","guid":{"rendered":"http:\/\/mifa-project.org\/?page_id=633"},"modified":"2021-12-29T16:22:32","modified_gmt":"2021-12-29T16:22:32","slug":"valorisation-dart-de-creations-et-de-talents-emergents","status":"publish","type":"page","link":"https:\/\/mifa-project.org\/index.php\/valorisation-dart-de-creations-et-de-talents-emergents\/","title":{"rendered":"Valorisation d&rsquo;arts, de cr\u00e9ations et de talents \u00e9mergents."},"content":{"rendered":"<blockquote>\n<p>\u00ab\u00a0Permettre \u00e0 de jeunes talents de valoriser et promouvoir leurs cr\u00e9ations et leurs \u00e9nergies, pour mieux saisir les opportunit\u00e9s march\u00e9.\u00a0\u00bb<\/p>\n<\/blockquote>\n<p>MIFA booste la cr\u00e9ation artistique via l&rsquo;accompagnement de jeunes cr\u00e9ateurs dans les domaines: arts visuels, cin\u00e9ma, vid\u00e9o, musique, dance, sc\u00e9nographie, arts num\u00e9riques, NFT&#8230;&nbsp;<\/p>\n\n\n<p><br><\/p>\n","protected":false},"excerpt":{"rendered":"<p>\u00ab\u00a0Permettre \u00e0 de jeunes talents de valoriser et promouvoir leurs cr\u00e9ations et leurs \u00e9nergies, pour mieux saisir les opportunit\u00e9s march\u00e9.\u00a0\u00bb MIFA booste la cr\u00e9ation artistique via l&rsquo;accompagnement de jeunes cr\u00e9ateurs dans les domaines: arts visuels, cin\u00e9ma, vid\u00e9o, musique, dance, sc\u00e9nographie, arts num\u00e9riques, NFT&#8230;&nbsp;<\/p>\n","protected":false},"author":11,"featured_media":785,"parent":0,"menu_order":0,"comment_status":"closed","ping_status":"closed","template":"","meta":{"footnotes":""},"class_list":["post-633","page","type-page","status-publish","has-post-thumbnail","hentry"],"_links":{"self":[{"href":"https:\/\/mifa-project.org\/index.php\/wp-json\/wp\/v2\/pages\/633","targetHints":{"allow":["GET"]}}],"collection":[{"href":"https:\/\/mifa-project.org\/index.php\/wp-json\/wp\/v2\/pages"}],"about":[{"href":"https:\/\/mifa-project.org\/index.php\/wp-json\/wp\/v2\/types\/page"}],"author":[{"embeddable":true,"href":"https:\/\/mifa-project.org\/index.php\/wp-json\/wp\/v2\/users\/11"}],"replies":[{"embeddable":true,"href":"https:\/\/mifa-project.org\/index.php\/wp-json\/wp\/v2\/comments?post=633"}],"version-history":[{"count":26,"href":"https:\/\/mifa-project.org\/index.php\/wp-json\/wp\/v2\/pages\/633\/revisions"}],"predecessor-version":[{"id":779,"href":"https:\/\/mifa-project.org\/index.php\/wp-json\/wp\/v2\/pages\/633\/revisions\/779"}],"wp:featuredmedia":[{"embeddable":true,"href":"https:\/\/mifa-project.org\/index.php\/wp-json\/wp\/v2\/media\/785"}],"wp:attachment":[{"href":"https:\/\/mifa-project.org\/index.php\/wp-json\/wp\/v2\/media?parent=633"}],"curies":[{"name":"wp","href":"https:\/\/api.w.org\/{rel}","templated":true}]}}