{"id":488,"date":"2020-09-04T16:56:08","date_gmt":"2020-09-04T16:56:08","guid":{"rendered":"http:\/\/mifa-project.org\/?page_id=488"},"modified":"2020-09-04T16:59:26","modified_gmt":"2020-09-04T16:59:26","slug":"about-mifa","status":"publish","type":"page","link":"https:\/\/mifa-project.org\/index.php\/en\/about-mifa\/","title":{"rendered":"About MIFA"},"content":{"rendered":"\n<h1><strong><img loading=\"lazy\" decoding=\"async\" class=\"alignnone size-full wp-image-119\" src=\"http:\/\/mifa-project.org\/wp-content\/uploads\/2018\/12\/carre_ico_bleu.gif\" alt=\"\" width=\"16\" height=\"16\">&nbsp;<\/strong>MIFA<\/h1>\n\n\n\n<p>MIFA* est une initiative de <a href=\"http:\/\/www.linkedin.com\/in\/daoudaguindo\" target=\"_blank\" rel=\"noreferrer noopener\">Daouda Guindo<\/a>. Son objectif est d&rsquo;identifier et de suivre des projets et actions, port\u00e9s par des jeunes, dans le but de les transformer en succ\u00e8s.<\/p>\n\n\n\n<h1 class=\"wp-block-heading\"><strong><img loading=\"lazy\" decoding=\"async\" class=\"alignnone size-medium wp-image-121\" src=\"http:\/\/mifa-project.org\/wp-content\/uploads\/2018\/12\/carre_ico_jaune.gif\" alt=\"\" width=\"16\" height=\"16\">&nbsp;<\/strong>WHY ?<\/h1>\n\n\n\n<p>Pour participer \u00e0 la cr\u00e9ation et au maintien d&rsquo;activit\u00e9s durables, capables d\u2019autonomiser de jeunes entrepreneurs ou entreprenants et d&rsquo;impacter sur leur environnement.<\/p>\n\n\n\n<h1 class=\"wp-block-heading\"><strong><img loading=\"lazy\" decoding=\"async\" class=\"alignnone size-medium wp-image-122\" src=\"http:\/\/mifa-project.org\/wp-content\/uploads\/2018\/12\/carre_ico_vert.gif\" alt=\"\" width=\"16\" height=\"16\">&nbsp;<\/strong>BUSINESS HUB<\/h1>\n\n\n\n<p>MIFA int\u00e8gre le business au coeur des initiatives et vise des projets p\u00e9rennes dans tous les secteurs, avec un fort potentiel et un impact direct sur les porteurs et les b\u00e9n\u00e9ficiaires.<\/p>\n\n\n\n<h1 class=\"wp-block-heading\"><strong><img loading=\"lazy\" decoding=\"async\" width=\"16\" height=\"16\" class=\"alignnone size-medium wp-image-120\" src=\"http:\/\/mifa-project.org\/wp-content\/uploads\/2018\/12\/carre_ico_rouge.gif\" alt=\"\">\u00a0<\/strong>HOW ?<\/h1>\n\n\n\n<p>MIFA intervient au c\u0153ur du projet ou de l&rsquo;activit\u00e9, s\u2019implique et s&rsquo;associe \u00e0 sa r\u00e9ussite, par le conseil, le partage d\u2019exp\u00e9rience, l\u2019assistance technique, le&nbsp; marketing, la recherche et la mise a disposition de ressources n\u00e9cessaires a son succ\u00e8s.<\/p>\n\n\n\n<p>&#8230;&#8230;&#8230;&#8230;&#8230;&#8230;&#8230;&#8230;&#8230;<\/p>\n\n\n\n<h2 class=\"wp-block-heading\">Do you have a project or an initiative and would like to share with MIFA? <strong><br><a href=\"http:\/\/mifa-project.org\/index.php\/rejoins-nous\/\">Please fill out the following form &gt;&gt;<\/a><\/strong><\/h2>\n","protected":false},"excerpt":{"rendered":"<p>&nbsp;MIFA MIFA* est une initiative de Daouda Guindo. Son objectif est d&rsquo;identifier et de suivre des projets et actions, port\u00e9s par des jeunes, dans le but de les transformer en succ\u00e8s. &nbsp;WHY ? Pour participer \u00e0 la cr\u00e9ation et au maintien d&rsquo;activit\u00e9s durables, capables d\u2019autonomiser de jeunes entrepreneurs ou entreprenants et d&rsquo;impacter sur leur environnement.&hellip;<\/p>\n","protected":false},"author":11,"featured_media":0,"parent":0,"menu_order":0,"comment_status":"closed","ping_status":"closed","template":"","meta":{"footnotes":""},"class_list":["post-488","page","type-page","status-publish","hentry"],"_links":{"self":[{"href":"https:\/\/mifa-project.org\/index.php\/wp-json\/wp\/v2\/pages\/488","targetHints":{"allow":["GET"]}}],"collection":[{"href":"https:\/\/mifa-project.org\/index.php\/wp-json\/wp\/v2\/pages"}],"about":[{"href":"https:\/\/mifa-project.org\/index.php\/wp-json\/wp\/v2\/types\/page"}],"author":[{"embeddable":true,"href":"https:\/\/mifa-project.org\/index.php\/wp-json\/wp\/v2\/users\/11"}],"replies":[{"embeddable":true,"href":"https:\/\/mifa-project.org\/index.php\/wp-json\/wp\/v2\/comments?post=488"}],"version-history":[{"count":5,"href":"https:\/\/mifa-project.org\/index.php\/wp-json\/wp\/v2\/pages\/488\/revisions"}],"predecessor-version":[{"id":496,"href":"https:\/\/mifa-project.org\/index.php\/wp-json\/wp\/v2\/pages\/488\/revisions\/496"}],"wp:attachment":[{"href":"https:\/\/mifa-project.org\/index.php\/wp-json\/wp\/v2\/media?parent=488"}],"curies":[{"name":"wp","href":"https:\/\/api.w.org\/{rel}","templated":true}]}}