{"id":331,"date":"2020-04-06T15:04:05","date_gmt":"2020-04-06T15:04:05","guid":{"rendered":"http:\/\/mifa-project.org\/?page_id=331"},"modified":"2021-12-21T08:24:48","modified_gmt":"2021-12-21T08:24:48","slug":"des-sources-de-revenus-pour-une-dynamique-sociale","status":"publish","type":"page","link":"https:\/\/mifa-project.org\/index.php\/des-sources-de-revenus-pour-une-dynamique-sociale\/","title":{"rendered":"Des sources de revenus pour une dynamique sociale."},"content":{"rendered":"<blockquote><p>\u00ab\u00a0Mettre en oeuvre des projets et initiatives souples et durables, capables d&rsquo;autonomiser de jeunes promoteurs et d&rsquo;impacter sur leur environnement.\u00a0\u00bb<\/p><\/blockquote>\n<p>Les difficult\u00e9s li\u00e9es \u00e0 l&#8217;emploi des jeunes augmentent le malaise chez certains et cr\u00e9ent des envies d&rsquo;entreprendre chez d&rsquo;autres.<\/p>\n","protected":false},"excerpt":{"rendered":"<p>\u00ab\u00a0Mettre en oeuvre des projets et initiatives souples et durables, capables d&rsquo;autonomiser de jeunes promoteurs et d&rsquo;impacter sur leur environnement.\u00a0\u00bb Les difficult\u00e9s li\u00e9es \u00e0 l&#8217;emploi des jeunes augmentent le malaise chez certains et cr\u00e9ent des envies d&rsquo;entreprendre chez d&rsquo;autres.<\/p>\n","protected":false},"author":11,"featured_media":571,"parent":0,"menu_order":0,"comment_status":"closed","ping_status":"closed","template":"","meta":{"footnotes":""},"class_list":["post-331","page","type-page","status-publish","has-post-thumbnail","hentry"],"_links":{"self":[{"href":"https:\/\/mifa-project.org\/index.php\/wp-json\/wp\/v2\/pages\/331","targetHints":{"allow":["GET"]}}],"collection":[{"href":"https:\/\/mifa-project.org\/index.php\/wp-json\/wp\/v2\/pages"}],"about":[{"href":"https:\/\/mifa-project.org\/index.php\/wp-json\/wp\/v2\/types\/page"}],"author":[{"embeddable":true,"href":"https:\/\/mifa-project.org\/index.php\/wp-json\/wp\/v2\/users\/11"}],"replies":[{"embeddable":true,"href":"https:\/\/mifa-project.org\/index.php\/wp-json\/wp\/v2\/comments?post=331"}],"version-history":[{"count":17,"href":"https:\/\/mifa-project.org\/index.php\/wp-json\/wp\/v2\/pages\/331\/revisions"}],"predecessor-version":[{"id":754,"href":"https:\/\/mifa-project.org\/index.php\/wp-json\/wp\/v2\/pages\/331\/revisions\/754"}],"wp:featuredmedia":[{"embeddable":true,"href":"https:\/\/mifa-project.org\/index.php\/wp-json\/wp\/v2\/media\/571"}],"wp:attachment":[{"href":"https:\/\/mifa-project.org\/index.php\/wp-json\/wp\/v2\/media?parent=331"}],"curies":[{"name":"wp","href":"https:\/\/api.w.org\/{rel}","templated":true}]}}