{"id":320,"date":"2020-04-06T14:08:56","date_gmt":"2020-04-06T14:08:56","guid":{"rendered":"http:\/\/mifa-project.org\/?page_id=320"},"modified":"2021-12-21T08:25:01","modified_gmt":"2021-12-21T08:25:01","slug":"les-tele-services-comme-vecteur-degalite-professionnelle","status":"publish","type":"page","link":"https:\/\/mifa-project.org\/index.php\/les-tele-services-comme-vecteur-degalite-professionnelle\/","title":{"rendered":"Les t\u00e9l\u00e9services comme levier d&rsquo;\u00e9galit\u00e9 professionnelle."},"content":{"rendered":"<div class=\"page\" title=\"Page 4\">\n<div class=\"layoutArea\">\n<div class=\"column\">\n<blockquote><p>\u00ab\u00a0Les te\u0301le\u0301services ouvrent de nouvelles opportunite\u0301s, en facilitant la collaboration et en supprimant les barrie\u0300res lie\u0301es a\u0300 la mobilite\u0301.\u00a0\u00bb<\/p><\/blockquote>\n<p>MIFA met en place d\u2019une plateforme pour faciliter l&rsquo;acc\u00e8s \u00e0 la formation et cr\u00e9er des opportunit\u00e9s de revenus pour des personnes vivant avec un handicap.<\/p>\n<\/div>\n<\/div>\n<\/div>\n","protected":false},"excerpt":{"rendered":"<p>\u00ab\u00a0Les te\u0301le\u0301services ouvrent de nouvelles opportunite\u0301s, en facilitant la collaboration et en supprimant les barrie\u0300res lie\u0301es a\u0300 la mobilite\u0301.\u00a0\u00bb MIFA met en place d\u2019une plateforme pour faciliter l&rsquo;acc\u00e8s \u00e0 la formation et cr\u00e9er des opportunit\u00e9s de revenus pour des personnes vivant avec un handicap.<\/p>\n","protected":false},"author":11,"featured_media":328,"parent":0,"menu_order":0,"comment_status":"closed","ping_status":"closed","template":"","meta":{"footnotes":""},"class_list":["post-320","page","type-page","status-publish","has-post-thumbnail","hentry"],"_links":{"self":[{"href":"https:\/\/mifa-project.org\/index.php\/wp-json\/wp\/v2\/pages\/320","targetHints":{"allow":["GET"]}}],"collection":[{"href":"https:\/\/mifa-project.org\/index.php\/wp-json\/wp\/v2\/pages"}],"about":[{"href":"https:\/\/mifa-project.org\/index.php\/wp-json\/wp\/v2\/types\/page"}],"author":[{"embeddable":true,"href":"https:\/\/mifa-project.org\/index.php\/wp-json\/wp\/v2\/users\/11"}],"replies":[{"embeddable":true,"href":"https:\/\/mifa-project.org\/index.php\/wp-json\/wp\/v2\/comments?post=320"}],"version-history":[{"count":24,"href":"https:\/\/mifa-project.org\/index.php\/wp-json\/wp\/v2\/pages\/320\/revisions"}],"predecessor-version":[{"id":755,"href":"https:\/\/mifa-project.org\/index.php\/wp-json\/wp\/v2\/pages\/320\/revisions\/755"}],"wp:featuredmedia":[{"embeddable":true,"href":"https:\/\/mifa-project.org\/index.php\/wp-json\/wp\/v2\/media\/328"}],"wp:attachment":[{"href":"https:\/\/mifa-project.org\/index.php\/wp-json\/wp\/v2\/media?parent=320"}],"curies":[{"name":"wp","href":"https:\/\/api.w.org\/{rel}","templated":true}]}}