{"id":309,"date":"2020-04-06T13:37:26","date_gmt":"2020-04-06T13:37:26","guid":{"rendered":"http:\/\/mifa-project.org\/?page_id=309"},"modified":"2021-12-21T08:24:19","modified_gmt":"2021-12-21T08:24:19","slug":"creez-des-projets-viables-et-durables","status":"publish","type":"page","link":"https:\/\/mifa-project.org\/index.php\/creez-des-projets-viables-et-durables\/","title":{"rendered":"Des projets et solutions viables et durables."},"content":{"rendered":"<blockquote><p>\u00ab\u00a0Cr\u00e9er et accompagner des entrepreneurs ou entreprenants qui proposent des solutions viables, capables de convaincre les b\u00e9n\u00e9ficiaires et satisfaire le march\u00e9.\u00a0\u00bb<\/p><\/blockquote>\n<p>L&rsquo;acc\u00e8s \u00e0 l&rsquo;information et aux ressources digitales permet aux jeunes entrepreneurs d&rsquo;identifier des niches et de cr\u00e9er de la valeur pour les utilisateurs, les consommateurs et le march\u00e9.<\/p>\n","protected":false},"excerpt":{"rendered":"<p>\u00ab\u00a0Cr\u00e9er et accompagner des entrepreneurs ou entreprenants qui proposent des solutions viables, capables de convaincre les b\u00e9n\u00e9ficiaires et satisfaire le march\u00e9.\u00a0\u00bb L&rsquo;acc\u00e8s \u00e0 l&rsquo;information et aux ressources digitales permet aux jeunes entrepreneurs d&rsquo;identifier des niches et de cr\u00e9er de la valeur pour les utilisateurs, les consommateurs et le march\u00e9.<\/p>\n","protected":false},"author":11,"featured_media":178,"parent":0,"menu_order":0,"comment_status":"closed","ping_status":"closed","template":"","meta":{"footnotes":""},"class_list":["post-309","page","type-page","status-publish","has-post-thumbnail","hentry"],"_links":{"self":[{"href":"https:\/\/mifa-project.org\/index.php\/wp-json\/wp\/v2\/pages\/309","targetHints":{"allow":["GET"]}}],"collection":[{"href":"https:\/\/mifa-project.org\/index.php\/wp-json\/wp\/v2\/pages"}],"about":[{"href":"https:\/\/mifa-project.org\/index.php\/wp-json\/wp\/v2\/types\/page"}],"author":[{"embeddable":true,"href":"https:\/\/mifa-project.org\/index.php\/wp-json\/wp\/v2\/users\/11"}],"replies":[{"embeddable":true,"href":"https:\/\/mifa-project.org\/index.php\/wp-json\/wp\/v2\/comments?post=309"}],"version-history":[{"count":30,"href":"https:\/\/mifa-project.org\/index.php\/wp-json\/wp\/v2\/pages\/309\/revisions"}],"predecessor-version":[{"id":753,"href":"https:\/\/mifa-project.org\/index.php\/wp-json\/wp\/v2\/pages\/309\/revisions\/753"}],"wp:featuredmedia":[{"embeddable":true,"href":"https:\/\/mifa-project.org\/index.php\/wp-json\/wp\/v2\/media\/178"}],"wp:attachment":[{"href":"https:\/\/mifa-project.org\/index.php\/wp-json\/wp\/v2\/media?parent=309"}],"curies":[{"name":"wp","href":"https:\/\/api.w.org\/{rel}","templated":true}]}}